{"id":4317,"date":"2021-10-27T18:23:08","date_gmt":"2021-10-27T23:23:08","guid":{"rendered":"https:\/\/estheticdentalcenter.com.mx\/?page_id=4317"},"modified":"2022-03-15T17:23:39","modified_gmt":"2022-03-15T23:23:39","slug":"politica-de-privacidad","status":"publish","type":"page","link":"https:\/\/estheticdentalcenter.com.mx\/en\/politica-de-privacidad\/","title":{"rendered":"Privacy policy"},"content":{"rendered":"<div data-elementor-type=\"wp-page\" data-elementor-id=\"4317\" class=\"elementor elementor-4317\" data-elementor-post-type=\"page\">\n\t\t\t\t\t\t<section class=\"elementor-section elementor-top-section elementor-element elementor-element-112257ff elementor-section-boxed elementor-section-height-default elementor-section-height-default\" data-id=\"112257ff\" data-element_type=\"section\" data-e-type=\"section\" data-settings=\"{&quot;ekit_has_onepagescroll_dot&quot;:&quot;yes&quot;}\">\n\t\t\t\t\t\t<div class=\"elementor-container elementor-column-gap-default\">\n\t\t\t\t\t<div class=\"elementor-column elementor-col-100 elementor-top-column elementor-element elementor-element-2cde933f\" data-id=\"2cde933f\" data-element_type=\"column\" data-e-type=\"column\">\n\t\t\t<div class=\"elementor-widget-wrap elementor-element-populated\">\n\t\t\t\t\t\t<div class=\"elementor-element elementor-element-222db638 elementor-widget elementor-widget-text-editor\" data-id=\"222db638\" data-element_type=\"widget\" data-e-type=\"widget\" data-settings=\"{&quot;ekit_we_effect_on&quot;:&quot;none&quot;}\" data-widget_type=\"text-editor.default\">\n\t\t\t\t<div class=\"elementor-widget-container\">\n\t\t\t\t\t\t\t\t\t<p><br \/>\u00a0<br \/>\u00a0<\/p>\n<h1 style=\"text-align: center;\">Pol\u00edticas de Privacidad<\/h1>\n<div>\u00a0<\/div>\n<p>\u00a0<\/p>\n<p>ESTHETIC DENTAL CENTER en cumplimiento a lo establecido por la Ley Federal de Protecci\u00f3n de Datos Personales en Posesi\u00f3n de los Particulares (la \u201cLey\u201d) y con la finalidad de garantizar la privacidad y el derecho a la autodeterminaci\u00f3n informativa de sus clientes, hace de su conocimiento la pol\u00edtica de privacidad y manejo de datos personales.<\/p>\n<h3>\u00a0<\/h3>\n<h3>I. Recabaci\u00f3n de datos.<\/h3>\n<p><strong>Datos Personales.<\/strong> En la venta de productos y prestaci\u00f3n de servicios, ESTHETIC DENTAL CENTER requerir\u00e1 a sus clientes los siguientes datos: Nombre, Direcci\u00f3n, Tel\u00e9fono, Edad, Sexo y correo electr\u00f3nico.<\/p>\n<p><strong>Datos Personales Sensibles.<\/strong> En la prestaci\u00f3n del servicio de orientaci\u00f3n m\u00e9dica, ESTHETIC DENTAL CENTER recabar\u00e1 de sus clientes la informaci\u00f3n relativa a su historia cl\u00ednica. Dado la naturaleza de estos datos, cada cliente que reciba el servicio de orientaci\u00f3n m\u00e9dica odontolog\u00eda deber\u00e1 firmar el aviso de privacidad que se adjunte a su historia cl\u00ednica, mismo que se\u00f1ala expresamente que se trata de datos personales sensibles.<\/p>\n<h3>\u00a0<\/h3>\n<h3>II. Finalidad del tratamiento de datos.<\/h3>\n<p><strong>Datos Personales.<\/strong> Utilizaremos los datos que el cliente nos proporcione: (i) con fines comerciales para vender y\/o contactarlo y enviarle informaci\u00f3n respecto los productos y los servicios, y (ii) con fines estad\u00edsticos sujetos a un proceso de disociaci\u00f3n.<\/p>\n<p><strong>Datos Personales Sensibles<\/strong>. En la prestaci\u00f3n del servicio de orientaci\u00f3n m\u00e9dica gratuita, \u00fanicamente utilizaremos los datos para (i) fines de diagn\u00f3stico y tratamiento del cliente, y (ii) fines estad\u00edsticos sujetos a un proceso de disociaci\u00f3n.<\/p>\n<h3>\u00a0<\/h3>\n<h3>III. Transferencias de datos.<\/h3>\n<p><strong>Datos Personales<\/strong>. Excepto por aquellos datos personales que se recaben para la promoci\u00f3n de productos y\/o servicios de terceros distintos a ESTHETIC DENTAL CENTER, no divulgar\u00e1 ni compartir\u00e1 con terceros los datos personales que recabe de sus clientes. Respecto los datos personales que recabe ESTHETIC DENTAL CENTER ni cualesquiera de sus sucursales para que un tercero pueda promocionar con estos sus productos y\/o servicios.<br \/>ESTHETIC DENTAL CENTER: (i) lo comunicar\u00e1 a sus clientes, quienes, de no estar interesados en el producto y\/o servicio del tercero podr\u00e1n negarse a entregar sus datos y ser contactados por dicho tercero, (ii) firmar\u00e1 un contrato con dicho tercero para que este, en la prestaci\u00f3n de sus servicios, (1) instaure las medidas de seguridad necesarias para garantizar un nivel de protecci\u00f3n adecuado respecto los datos personales de los clientes y (2) limite el uso de los datos para la finalidad con que le fueron entregados por ESTHETIC DENTAL CENTER, es decir, con fines de promoci\u00f3n. En caso que ese tercero llegue a contactar al cliente y recabe de este mayor informaci\u00f3n o datos a los transmitidos por ESTHETIC DENTAL CENTER, dicho tercero ser\u00e1 responsable del tratamiento que d\u00e9 a esos datos.<\/p>\n<p><strong>Datos Personales Sensibles<\/strong>. ESTHETIC DENTAL CENTER no transmitir\u00e1 los datos sensibles que recabe de sus clientes con motivo de la orientaci\u00f3n m\u00e9dica odontolog\u00eda. c. Transferencia de datos sin consentimiento del cliente. ESTHETIC DENTAL CENTER podr\u00e1 transmitir los datos que recabe de sus clientes: (i) a cualquiera de sus subsidiarias y\/o afiliadas, quienes quedar\u00e1n obligadas a resguardar y utilizar la informaci\u00f3n en t\u00e9rminos de este Aviso de Privacidad y (ii) por cualquiera de las razones previstas en la Ley. ESTHETIC DENTAL CENTER se reserva el derecho de transmitir los datos de sus clientes en caso de vender o traspasar la totalidad o parte de su negocio y\/o activos. En caso de producirse dicha venta o traspaso, ESTHETIC DENTAL CENTER har\u00e1 todo lo posible para que el siguiente propietario utilice los datos de los clientes con arreglo a este Aviso de Privacidad. Si no desea que sus datos sean procesados y utilizados tras el traspaso, deber\u00e1 manifestarlo al nuevo propietario.<br \/>IV. Medios para ejercer los derechos de acceso, rectificaci\u00f3n, cancelaci\u00f3n u oposici\u00f3n.<\/p>\n<p>Todo cliente\/paciente de ESTHETIC DENTAL CENTER interesado en ejercer los derechos previstos en la Ley, podr\u00e1 hacerlo poni\u00e9ndose en contacto con Front Desk de ESTHETIC DENTAL CENTER, ubicado en Boulevard Bernardo Quintana Arrioja #15 Interior 15-2, C.P. 76020, Bosques del Acueducto, Quer\u00e9taro. M\u00e9xico. Tel\u00e9fono 442 674 8747 \u00f3 enviando un correo electr\u00f3nico a la siguiente direcci\u00f3n: <a href=\"mailto:info@estheticdentalcenter.com.mx\">info@estheticdentalcenter.com.mx<\/a><\/p>\n<p>\u00a0<\/p>\n<p>\u00a0<\/p>\n<h3 style=\"font-size: 1.66667rem; font-style: normal; text-transform: none;\">IV. Cambios al Aviso de Privacidad.<\/h3>\n<p>Cualquier cambio a este Aviso de Privacidad se har\u00e1 del conocimiento de los clientes de ESTHETIC DENTAL CENTER, directamente en el establecimiento de ESTHETIC DENTAL CENTER.<br \/>\u00a0<br \/><\/p>\t\t\t\t\t\t\t\t<\/div>\n\t\t\t\t<\/div>\n\t\t\t\t\t<\/div>\n\t\t<\/div>\n\t\t\t\t\t<\/div>\n\t\t<\/section>\n\t\t\t\t<\/div>","protected":false},"excerpt":{"rendered":"<p>\u00a0\u00a0 Pol\u00edticas de Privacidad \u00a0 \u00a0 ESTHETIC DENTAL CENTER en cumplimiento a lo establecido por la Ley Federal de Protecci\u00f3n de Datos Personales en Posesi\u00f3n de los Particulares (la \u201cLey\u201d) y con la finalidad de garantizar la privacidad y el derecho a la autodeterminaci\u00f3n informativa de sus clientes, hace de su conocimiento la pol\u00edtica de &hellip;<\/p>\n<p class=\"read-more\"> <a class=\"\" href=\"https:\/\/estheticdentalcenter.com.mx\/en\/politica-de-privacidad\/\"> <span class=\"screen-reader-text\">Privacy policy<\/span> Read More &raquo;<\/a><\/p>","protected":false},"author":1,"featured_media":0,"parent":0,"menu_order":0,"comment_status":"closed","ping_status":"closed","template":"elementor_header_footer","meta":{"site-sidebar-layout":"default","site-content-layout":"default","ast-global-header-display":"","ast-banner-title-visibility":"","ast-main-header-display":"","ast-hfb-above-header-display":"","ast-hfb-below-header-display":"","ast-hfb-mobile-header-display":"","site-post-title":"","ast-breadcrumbs-content":"","ast-featured-img":"","footer-sml-layout":"","theme-transparent-header-meta":"default","adv-header-id-meta":"","stick-header-meta":"default","header-above-stick-meta":"","header-main-stick-meta":"","header-below-stick-meta":"","footnotes":""},"class_list":["post-4317","page","type-page","status-publish","hentry"],"aioseo_notices":[],"_links":{"self":[{"href":"https:\/\/estheticdentalcenter.com.mx\/en\/wp-json\/wp\/v2\/pages\/4317","targetHints":{"allow":["GET"]}}],"collection":[{"href":"https:\/\/estheticdentalcenter.com.mx\/en\/wp-json\/wp\/v2\/pages"}],"about":[{"href":"https:\/\/estheticdentalcenter.com.mx\/en\/wp-json\/wp\/v2\/types\/page"}],"author":[{"embeddable":true,"href":"https:\/\/estheticdentalcenter.com.mx\/en\/wp-json\/wp\/v2\/users\/1"}],"replies":[{"embeddable":true,"href":"https:\/\/estheticdentalcenter.com.mx\/en\/wp-json\/wp\/v2\/comments?post=4317"}],"version-history":[{"count":0,"href":"https:\/\/estheticdentalcenter.com.mx\/en\/wp-json\/wp\/v2\/pages\/4317\/revisions"}],"wp:attachment":[{"href":"https:\/\/estheticdentalcenter.com.mx\/en\/wp-json\/wp\/v2\/media?parent=4317"}],"curies":[{"name":"wp","href":"https:\/\/api.w.org\/{rel}","templated":true}]}}